{"id":9,"date":"2020-11-27T14:55:08","date_gmt":"2020-11-27T14:55:08","guid":{"rendered":"http:\/\/ogtransportas.lt\/?page_id=9"},"modified":"2024-11-27T16:39:45","modified_gmt":"2024-11-27T16:39:45","slug":"apie","status":"publish","type":"page","link":"https:\/\/ogtransportas.lt\/index.php\/apie\/","title":{"rendered":"Krovini\u0173 perve\u017eimas su fiskaru\/kranu   Savivar\u010dio nuoma"},"content":{"rendered":"\n<p><strong>Scania 8&#215;4 savivar\u010dio nuoma gali ve\u017eti iki 19 Ton\u0173<\/strong><\/p>\n\n\n\n<p><strong>Scania sunkve\u017eimio nuoma, krovini\u0173 perve\u017eimas su fiskaru\/kranu<br><\/strong><\/p>\n\n\n\n<p><strong>Str\u0117les ilgis iki 14,7 METR\u0172<br><\/strong><\/p>\n\n\n\n<p><strong>Keliamoji galia prie 14,7m 1200kg<br><\/strong><\/p>\n\n\n\n<p><strong>Ve\u017eti gali 12 TON\u0172<br><\/strong><\/p>\n\n\n\n<p><strong>Dirbame: Klaip\u0117dos apskrityje  <\/strong><\/p>\n\n\n\n<p class=\"has-text-align-left\"><strong>U\u017esakymai priimami telefonu: 863581023<\/strong><\/p>\n\n\n\n<figure class=\"wp-block-image size-large is-resized is-style-default\"><img loading=\"lazy\" src=\"https:\/\/ogtransportas.lt\/wp-content\/uploads\/2022\/03\/25380CB5-22ED-4D88-84E1-61B498ED2320-1-1024x768.jpeg\" alt=\"\" class=\"wp-image-100\" width=\"664\" height=\"497\" srcset=\"https:\/\/ogtransportas.lt\/wp-content\/uploads\/2022\/03\/25380CB5-22ED-4D88-84E1-61B498ED2320-1-1024x768.jpeg 1024w, https:\/\/ogtransportas.lt\/wp-content\/uploads\/2022\/03\/25380CB5-22ED-4D88-84E1-61B498ED2320-1-300x225.jpeg 300w, https:\/\/ogtransportas.lt\/wp-content\/uploads\/2022\/03\/25380CB5-22ED-4D88-84E1-61B498ED2320-1-768x576.jpeg 768w, https:\/\/ogtransportas.lt\/wp-content\/uploads\/2022\/03\/25380CB5-22ED-4D88-84E1-61B498ED2320-1-1536x1152.jpeg 1536w, https:\/\/ogtransportas.lt\/wp-content\/uploads\/2022\/03\/25380CB5-22ED-4D88-84E1-61B498ED2320-1-2048x1536.jpeg 2048w\" sizes=\"(max-width: 664px) 100vw, 664px\" \/><\/figure>\n\n\n\n<div class=\"wp-block-image\"><figure class=\"aligncenter size-large\"><img loading=\"lazy\" width=\"1024\" height=\"768\" src=\"https:\/\/ogtransportas.lt\/wp-content\/uploads\/2022\/03\/874F5B27-FE62-4C1F-AB37-EEF56AC2E32A-1-1024x768.jpeg\" alt=\"\" class=\"wp-image-101\" srcset=\"https:\/\/ogtransportas.lt\/wp-content\/uploads\/2022\/03\/874F5B27-FE62-4C1F-AB37-EEF56AC2E32A-1-1024x768.jpeg 1024w, https:\/\/ogtransportas.lt\/wp-content\/uploads\/2022\/03\/874F5B27-FE62-4C1F-AB37-EEF56AC2E32A-1-300x225.jpeg 300w, https:\/\/ogtransportas.lt\/wp-content\/uploads\/2022\/03\/874F5B27-FE62-4C1F-AB37-EEF56AC2E32A-1-768x576.jpeg 768w, https:\/\/ogtransportas.lt\/wp-content\/uploads\/2022\/03\/874F5B27-FE62-4C1F-AB37-EEF56AC2E32A-1-1536x1152.jpeg 1536w, https:\/\/ogtransportas.lt\/wp-content\/uploads\/2022\/03\/874F5B27-FE62-4C1F-AB37-EEF56AC2E32A-1-2048x1536.jpeg 2048w\" sizes=\"(max-width: 767px) 89vw, (max-width: 1000px) 54vw, (max-width: 1071px) 543px, 580px\" \/><\/figure><\/div>\n\n\n\n<figure class=\"wp-block-image size-large\"><img loading=\"lazy\" width=\"1024\" height=\"768\" src=\"https:\/\/ogtransportas.lt\/wp-content\/uploads\/2024\/11\/CAE165C8-3F00-4E7E-A35F-081370F7F8D3-1024x768.jpeg\" alt=\"\" class=\"wp-image-121\" srcset=\"https:\/\/ogtransportas.lt\/wp-content\/uploads\/2024\/11\/CAE165C8-3F00-4E7E-A35F-081370F7F8D3-1024x768.jpeg 1024w, https:\/\/ogtransportas.lt\/wp-content\/uploads\/2024\/11\/CAE165C8-3F00-4E7E-A35F-081370F7F8D3-300x225.jpeg 300w, https:\/\/ogtransportas.lt\/wp-content\/uploads\/2024\/11\/CAE165C8-3F00-4E7E-A35F-081370F7F8D3-768x576.jpeg 768w, https:\/\/ogtransportas.lt\/wp-content\/uploads\/2024\/11\/CAE165C8-3F00-4E7E-A35F-081370F7F8D3-1536x1152.jpeg 1536w, https:\/\/ogtransportas.lt\/wp-content\/uploads\/2024\/11\/CAE165C8-3F00-4E7E-A35F-081370F7F8D3.jpeg 2048w\" sizes=\"(max-width: 767px) 89vw, (max-width: 1000px) 54vw, (max-width: 1071px) 543px, 580px\" \/><\/figure>\n","protected":false},"excerpt":{"rendered":"<p>Scania 8&#215;4 savivar\u010dio nuoma gali ve\u017eti iki 19 Ton\u0173 Scania sunkve\u017eimio nuoma, krovini\u0173 perve\u017eimas su fiskaru\/kranu Str\u0117les ilgis iki 14,7 METR\u0172 Keliamoji galia prie 14,7m 1200kg Ve\u017eti gali 12 TON\u0172 Dirbame: Klaip\u0117dos apskrityje U\u017esakymai priimami telefonu: 863581023<\/p>\n","protected":false},"author":1,"featured_media":0,"parent":0,"menu_order":0,"comment_status":"closed","ping_status":"closed","template":"","meta":[],"_links":{"self":[{"href":"https:\/\/ogtransportas.lt\/index.php\/wp-json\/wp\/v2\/pages\/9"}],"collection":[{"href":"https:\/\/ogtransportas.lt\/index.php\/wp-json\/wp\/v2\/pages"}],"about":[{"href":"https:\/\/ogtransportas.lt\/index.php\/wp-json\/wp\/v2\/types\/page"}],"author":[{"embeddable":true,"href":"https:\/\/ogtransportas.lt\/index.php\/wp-json\/wp\/v2\/users\/1"}],"replies":[{"embeddable":true,"href":"https:\/\/ogtransportas.lt\/index.php\/wp-json\/wp\/v2\/comments?post=9"}],"version-history":[{"count":9,"href":"https:\/\/ogtransportas.lt\/index.php\/wp-json\/wp\/v2\/pages\/9\/revisions"}],"predecessor-version":[{"id":123,"href":"https:\/\/ogtransportas.lt\/index.php\/wp-json\/wp\/v2\/pages\/9\/revisions\/123"}],"wp:attachment":[{"href":"https:\/\/ogtransportas.lt\/index.php\/wp-json\/wp\/v2\/media?parent=9"}],"curies":[{"name":"wp","href":"https:\/\/api.w.org\/{rel}","templated":true}]}}